{"id":2529,"date":"2025-04-01T17:16:14","date_gmt":"2025-04-01T15:16:14","guid":{"rendered":"https:\/\/lavoixdescartes.fr\/?page_id=2529"},"modified":"2025-04-01T18:28:31","modified_gmt":"2025-04-01T16:28:31","slug":"decouvrez-la-signification-des-cartes-du-tarot","status":"publish","type":"page","link":"https:\/\/lavoixdescartes.fr\/index.php\/decouvrez-la-signification-des-cartes-du-tarot\/","title":{"rendered":"D\u00e9couvrez la signification des cartes du Tarot"},"content":{"rendered":"\n<div class=\"wp-block-group alignfull has-raft-bg-alt-background-color has-background is-layout-constrained wp-container-core-group-is-layout-c271bb01 wp-block-group-is-layout-constrained\" style=\"margin-top:0;margin-bottom:0;padding-top:var(--wp--preset--spacing--80);padding-right:var(--wp--preset--spacing--40);padding-bottom:var(--wp--preset--spacing--80);padding-left:var(--wp--preset--spacing--40)\">\n<div class=\"wp-block-columns alignwide is-layout-flex wp-container-core-columns-is-layout-9cad5244 wp-block-columns-is-layout-flex\" style=\"margin-top:0;margin-bottom:0\">\n<div class=\"wp-block-column is-layout-flow wp-container-core-column-is-layout-f5bb311e wp-block-column-is-layout-flow\">\n<figure class=\"wp-block-image size-large size-full is-style-rounded\"><a href=\"https:\/\/lavoixdescartes.fr\/index.php\/les-arcanes-majeurs\/\"><img loading=\"lazy\" decoding=\"async\" width=\"724\" height=\"1024\" src=\"https:\/\/lavoixdescartes.fr\/wp-content\/uploads\/2025\/04\/A222F504-1A13-4B2E-B142-5AADAE9A0246-724x1024.jpeg\" alt=\"\" class=\"wp-image-2532\" srcset=\"https:\/\/lavoixdescartes.fr\/wp-content\/uploads\/2025\/04\/A222F504-1A13-4B2E-B142-5AADAE9A0246-724x1024.jpeg 724w, https:\/\/lavoixdescartes.fr\/wp-content\/uploads\/2025\/04\/A222F504-1A13-4B2E-B142-5AADAE9A0246-212x300.jpeg 212w, https:\/\/lavoixdescartes.fr\/wp-content\/uploads\/2025\/04\/A222F504-1A13-4B2E-B142-5AADAE9A0246-768x1086.jpeg 768w, https:\/\/lavoixdescartes.fr\/wp-content\/uploads\/2025\/04\/A222F504-1A13-4B2E-B142-5AADAE9A0246-1086x1536.jpeg 1086w, https:\/\/lavoixdescartes.fr\/wp-content\/uploads\/2025\/04\/A222F504-1A13-4B2E-B142-5AADAE9A0246-1448x2048.jpeg 1448w, https:\/\/lavoixdescartes.fr\/wp-content\/uploads\/2025\/04\/A222F504-1A13-4B2E-B142-5AADAE9A0246-1320x1867.jpeg 1320w, https:\/\/lavoixdescartes.fr\/wp-content\/uploads\/2025\/04\/A222F504-1A13-4B2E-B142-5AADAE9A0246-600x849.jpeg 600w, https:\/\/lavoixdescartes.fr\/wp-content\/uploads\/2025\/04\/A222F504-1A13-4B2E-B142-5AADAE9A0246-scaled.jpeg 1810w\" sizes=\"auto, (max-width: 724px) 100vw, 724px\" \/><\/a><\/figure>\n\n\n\n<p class=\"has-text-align-center has-small-font-size\" style=\"font-style:normal;font-weight:600;text-transform:uppercase\">Arcanes majeurs<\/p>\n<\/div>\n\n\n\n<div class=\"wp-block-column is-layout-flow wp-container-core-column-is-layout-f5bb311e wp-block-column-is-layout-flow\">\n<figure class=\"wp-block-image size-large size-full is-style-rounded\"><img loading=\"lazy\" decoding=\"async\" width=\"725\" height=\"1024\" src=\"https:\/\/lavoixdescartes.fr\/wp-content\/uploads\/2025\/04\/AA6C0B68-DF67-438B-9605-23B5915D28B2-725x1024.jpeg\" alt=\"\" class=\"wp-image-2533\" srcset=\"https:\/\/lavoixdescartes.fr\/wp-content\/uploads\/2025\/04\/AA6C0B68-DF67-438B-9605-23B5915D28B2-725x1024.jpeg 725w, https:\/\/lavoixdescartes.fr\/wp-content\/uploads\/2025\/04\/AA6C0B68-DF67-438B-9605-23B5915D28B2-212x300.jpeg 212w, https:\/\/lavoixdescartes.fr\/wp-content\/uploads\/2025\/04\/AA6C0B68-DF67-438B-9605-23B5915D28B2-768x1084.jpeg 768w, https:\/\/lavoixdescartes.fr\/wp-content\/uploads\/2025\/04\/AA6C0B68-DF67-438B-9605-23B5915D28B2-1088x1536.jpeg 1088w, https:\/\/lavoixdescartes.fr\/wp-content\/uploads\/2025\/04\/AA6C0B68-DF67-438B-9605-23B5915D28B2-1450x2048.jpeg 1450w, https:\/\/lavoixdescartes.fr\/wp-content\/uploads\/2025\/04\/AA6C0B68-DF67-438B-9605-23B5915D28B2-1320x1864.jpeg 1320w, https:\/\/lavoixdescartes.fr\/wp-content\/uploads\/2025\/04\/AA6C0B68-DF67-438B-9605-23B5915D28B2-600x847.jpeg 600w, https:\/\/lavoixdescartes.fr\/wp-content\/uploads\/2025\/04\/AA6C0B68-DF67-438B-9605-23B5915D28B2-scaled.jpeg 1813w\" sizes=\"auto, (max-width: 725px) 100vw, 725px\" \/><\/figure>\n\n\n\n<p class=\"has-text-align-center has-small-font-size\" style=\"font-style:normal;font-weight:600;text-transform:uppercase\">Les Batons<\/p>\n<\/div>\n\n\n\n<div class=\"wp-block-column is-layout-flow wp-block-column-is-layout-flow\">\n<figure class=\"wp-block-image size-large is-style-rounded\"><img loading=\"lazy\" decoding=\"async\" width=\"725\" height=\"1024\" src=\"https:\/\/lavoixdescartes.fr\/wp-content\/uploads\/2025\/04\/A14C80A2-6BA3-464C-B85B-F867EFB341DC-725x1024.jpeg\" alt=\"\" class=\"wp-image-2534\" srcset=\"https:\/\/lavoixdescartes.fr\/wp-content\/uploads\/2025\/04\/A14C80A2-6BA3-464C-B85B-F867EFB341DC-725x1024.jpeg 725w, https:\/\/lavoixdescartes.fr\/wp-content\/uploads\/2025\/04\/A14C80A2-6BA3-464C-B85B-F867EFB341DC-212x300.jpeg 212w, https:\/\/lavoixdescartes.fr\/wp-content\/uploads\/2025\/04\/A14C80A2-6BA3-464C-B85B-F867EFB341DC-768x1084.jpeg 768w, https:\/\/lavoixdescartes.fr\/wp-content\/uploads\/2025\/04\/A14C80A2-6BA3-464C-B85B-F867EFB341DC-1088x1536.jpeg 1088w, https:\/\/lavoixdescartes.fr\/wp-content\/uploads\/2025\/04\/A14C80A2-6BA3-464C-B85B-F867EFB341DC-1450x2048.jpeg 1450w, https:\/\/lavoixdescartes.fr\/wp-content\/uploads\/2025\/04\/A14C80A2-6BA3-464C-B85B-F867EFB341DC-1320x1864.jpeg 1320w, https:\/\/lavoixdescartes.fr\/wp-content\/uploads\/2025\/04\/A14C80A2-6BA3-464C-B85B-F867EFB341DC-600x847.jpeg 600w, https:\/\/lavoixdescartes.fr\/wp-content\/uploads\/2025\/04\/A14C80A2-6BA3-464C-B85B-F867EFB341DC-scaled.jpeg 1813w\" sizes=\"auto, (max-width: 725px) 100vw, 725px\" \/><\/figure>\n\n\n\n<div class=\"wp-block-group is-vertical is-content-justification-center is-layout-flex wp-container-core-group-is-layout-f9a93ed8 wp-block-group-is-layout-flex\">\n<p class=\"has-text-align-center has-small-font-size\" style=\"border-radius:0px;padding-top:0;padding-bottom:0\"><strong>LES COUPES<\/strong> <\/p>\n<\/div>\n<\/div>\n\n\n\n<div class=\"wp-block-column is-layout-flow wp-block-column-is-layout-flow\">\n<div class=\"wp-block-group is-layout-constrained wp-block-group-is-layout-constrained\">\n<figure class=\"wp-block-image size-large is-style-rounded\"><img loading=\"lazy\" decoding=\"async\" width=\"725\" height=\"1024\" src=\"https:\/\/lavoixdescartes.fr\/wp-content\/uploads\/2025\/04\/62647771-30CD-4469-8906-0E2312FEC35E-725x1024.jpeg\" alt=\"\" class=\"wp-image-2535\" srcset=\"https:\/\/lavoixdescartes.fr\/wp-content\/uploads\/2025\/04\/62647771-30CD-4469-8906-0E2312FEC35E-725x1024.jpeg 725w, https:\/\/lavoixdescartes.fr\/wp-content\/uploads\/2025\/04\/62647771-30CD-4469-8906-0E2312FEC35E-212x300.jpeg 212w, https:\/\/lavoixdescartes.fr\/wp-content\/uploads\/2025\/04\/62647771-30CD-4469-8906-0E2312FEC35E-768x1084.jpeg 768w, https:\/\/lavoixdescartes.fr\/wp-content\/uploads\/2025\/04\/62647771-30CD-4469-8906-0E2312FEC35E-1088x1536.jpeg 1088w, https:\/\/lavoixdescartes.fr\/wp-content\/uploads\/2025\/04\/62647771-30CD-4469-8906-0E2312FEC35E-1450x2048.jpeg 1450w, https:\/\/lavoixdescartes.fr\/wp-content\/uploads\/2025\/04\/62647771-30CD-4469-8906-0E2312FEC35E-1320x1864.jpeg 1320w, https:\/\/lavoixdescartes.fr\/wp-content\/uploads\/2025\/04\/62647771-30CD-4469-8906-0E2312FEC35E-600x847.jpeg 600w, https:\/\/lavoixdescartes.fr\/wp-content\/uploads\/2025\/04\/62647771-30CD-4469-8906-0E2312FEC35E-scaled.jpeg 1813w\" sizes=\"auto, (max-width: 725px) 100vw, 725px\" \/><\/figure>\n<\/div>\n\n\n\n<div class=\"wp-block-group is-content-justification-center is-layout-constrained wp-block-group-is-layout-constrained\">\n<p class=\"has-text-align-center has-small-font-size\"><strong>LES \u00c9P\u00c9ES <\/strong><\/p>\n<\/div>\n<\/div>\n\n\n\n<div class=\"wp-block-column is-layout-flow wp-container-core-column-is-layout-f5bb311e wp-block-column-is-layout-flow\">\n<figure class=\"wp-block-image size-large size-full is-style-rounded\"><img loading=\"lazy\" decoding=\"async\" width=\"725\" height=\"1024\" src=\"https:\/\/lavoixdescartes.fr\/wp-content\/uploads\/2025\/04\/7F24051B-1FD5-4F2E-B9C4-A2FA2B93EEBC-725x1024.jpeg\" alt=\"\" class=\"wp-image-2536\" srcset=\"https:\/\/lavoixdescartes.fr\/wp-content\/uploads\/2025\/04\/7F24051B-1FD5-4F2E-B9C4-A2FA2B93EEBC-725x1024.jpeg 725w, https:\/\/lavoixdescartes.fr\/wp-content\/uploads\/2025\/04\/7F24051B-1FD5-4F2E-B9C4-A2FA2B93EEBC-212x300.jpeg 212w, https:\/\/lavoixdescartes.fr\/wp-content\/uploads\/2025\/04\/7F24051B-1FD5-4F2E-B9C4-A2FA2B93EEBC-768x1084.jpeg 768w, https:\/\/lavoixdescartes.fr\/wp-content\/uploads\/2025\/04\/7F24051B-1FD5-4F2E-B9C4-A2FA2B93EEBC-1088x1536.jpeg 1088w, https:\/\/lavoixdescartes.fr\/wp-content\/uploads\/2025\/04\/7F24051B-1FD5-4F2E-B9C4-A2FA2B93EEBC-1450x2048.jpeg 1450w, https:\/\/lavoixdescartes.fr\/wp-content\/uploads\/2025\/04\/7F24051B-1FD5-4F2E-B9C4-A2FA2B93EEBC-1320x1864.jpeg 1320w, https:\/\/lavoixdescartes.fr\/wp-content\/uploads\/2025\/04\/7F24051B-1FD5-4F2E-B9C4-A2FA2B93EEBC-600x847.jpeg 600w, https:\/\/lavoixdescartes.fr\/wp-content\/uploads\/2025\/04\/7F24051B-1FD5-4F2E-B9C4-A2FA2B93EEBC-scaled.jpeg 1813w\" sizes=\"auto, (max-width: 725px) 100vw, 725px\" \/><\/figure>\n\n\n\n<p class=\"has-text-align-center has-small-font-size\" style=\"font-style:normal;font-weight:600;text-transform:uppercase\">les pentacles<\/p>\n<\/div>\n<\/div>\n<\/div>\n\n\n\n<div class=\"wp-block-group alignfull has-raft-fg-alt-color has-raft-bg-inv-background-color has-text-color has-background has-link-color wp-elements-cacc21d7f4d810f396e7045eaa33f045 is-layout-constrained wp-container-core-group-is-layout-c2b63da3 wp-block-group-is-layout-constrained\" style=\"margin-top:0px;margin-bottom:0px;padding-top:var(--wp--preset--spacing--80);padding-right:var(--wp--preset--spacing--40);padding-bottom:var(--wp--preset--spacing--80);padding-left:var(--wp--preset--spacing--40)\">\n<div class=\"wp-block-group is-layout-constrained wp-container-core-group-is-layout-a099c240 wp-block-group-is-layout-constrained\">\n<p class=\"has-text-align-center\">Le Tarot est un outil symbolique compos\u00e9 de <strong>78 cartes<\/strong> r\u00e9parties en <strong>22 Arcanes Majeurs<\/strong> et <strong>56 Arcanes Mineurs<\/strong>. Les Arcanes Majeurs repr\u00e9sentent les grandes \u00e9tapes de la vie et les le\u00e7ons profondes, tandis que les Arcanes Mineurs illustrent les situations du quotidien \u00e0 travers quatre familles : <strong>Coupes<\/strong>, <strong>\u00c9p\u00e9es<\/strong>, <strong>B\u00e2tons<\/strong> et <strong>Deniers<\/strong>. Apprendre \u00e0 lire le Tarot, ce n\u2019est pas m\u00e9moriser chaque signification par c\u0153ur, mais plut\u00f4t d\u00e9velopper son intuition, s\u2019ouvrir \u00e0 l\u2019imaginaire et cr\u00e9er un lien personnel avec les cartes. Le Tarot s\u2019apprend pas \u00e0 pas, et chaque tirage est une occasion d\u2019exploration et de dialogue int\u00e9rieur.<\/p>\n\n\n\n<p class=\"has-text-align-center\">Les significations que je propose ici sont des <strong>pistes de r\u00e9flexion<\/strong> et une <strong>aide \u00e0 l\u2019interpr\u00e9tation<\/strong>, con\u00e7ues pour t\u2019accompagner dans ta pratique. Elles ne sont pas fig\u00e9es ni absolues : chaque tirage est unique, et c\u2019est avant tout ton ressenti, ton v\u00e9cu et ton intuition qui donneront tout leur sens aux cartes.<\/p>\n<\/div>\n<\/div>\n\n\n\n<div class=\"wp-block-group alignfull is-layout-constrained wp-container-core-group-is-layout-73eab25f wp-block-group-is-layout-constrained\" style=\"margin-top:0;margin-bottom:0;padding-top:var(--wp--preset--spacing--80);padding-right:var(--wp--preset--spacing--40);padding-bottom:var(--wp--preset--spacing--80);padding-left:var(--wp--preset--spacing--40)\">\n<div class=\"wp-block-columns alignwide is-layout-flex wp-container-core-columns-is-layout-47c06fe3 wp-block-columns-is-layout-flex\">\n<div class=\"wp-block-column is-layout-flow wp-block-column-is-layout-flow\">\n<figure class=\"wp-block-image size-large is-style-rounded\"><img loading=\"lazy\" decoding=\"async\" width=\"804\" height=\"1024\" src=\"https:\/\/lavoixdescartes.fr\/wp-content\/uploads\/2025\/03\/FB0FE392-3F79-4AE1-83B0-9B52E45783E4-804x1024.jpeg\" alt=\"\" class=\"wp-image-2509\" style=\"aspect-ratio:1;object-fit:cover\" srcset=\"https:\/\/lavoixdescartes.fr\/wp-content\/uploads\/2025\/03\/FB0FE392-3F79-4AE1-83B0-9B52E45783E4-804x1024.jpeg 804w, https:\/\/lavoixdescartes.fr\/wp-content\/uploads\/2025\/03\/FB0FE392-3F79-4AE1-83B0-9B52E45783E4-236x300.jpeg 236w, https:\/\/lavoixdescartes.fr\/wp-content\/uploads\/2025\/03\/FB0FE392-3F79-4AE1-83B0-9B52E45783E4-768x978.jpeg 768w, https:\/\/lavoixdescartes.fr\/wp-content\/uploads\/2025\/03\/FB0FE392-3F79-4AE1-83B0-9B52E45783E4-1207x1536.jpeg 1207w, https:\/\/lavoixdescartes.fr\/wp-content\/uploads\/2025\/03\/FB0FE392-3F79-4AE1-83B0-9B52E45783E4-1609x2048.jpeg 1609w, https:\/\/lavoixdescartes.fr\/wp-content\/uploads\/2025\/03\/FB0FE392-3F79-4AE1-83B0-9B52E45783E4-1320x1680.jpeg 1320w, https:\/\/lavoixdescartes.fr\/wp-content\/uploads\/2025\/03\/FB0FE392-3F79-4AE1-83B0-9B52E45783E4-600x764.jpeg 600w, https:\/\/lavoixdescartes.fr\/wp-content\/uploads\/2025\/03\/FB0FE392-3F79-4AE1-83B0-9B52E45783E4-scaled.jpeg 2011w\" sizes=\"auto, (max-width: 804px) 100vw, 804px\" \/><\/figure>\n<\/div>\n\n\n\n<div class=\"wp-block-column is-vertically-aligned-center is-layout-flow wp-block-column-is-layout-flow\">\n<h2 class=\"wp-block-heading\">Pour t\u2019aider \u00e0 t\u2019approprier tes cartes et leurs significations <\/h2>\n\n\n\n<p>J\u2019ai cr\u00e9\u00e9 un GuideBook d\u2019initiation au Tarot qui te permettra d\u2019acqu\u00e9rir les bases pour pouvoir interpr\u00e9ter en toute confiance tes propres tirages sans avoir \u00e0 chercher la signification des cartes.<\/p>\n\n\n\n<div class=\"wp-block-buttons is-layout-flex wp-block-buttons-is-layout-flex\">\n<div class=\"wp-block-button\"><a class=\"wp-block-button__link wp-element-button\">GuideBook initiation au Tarot<\/a><\/div>\n<\/div>\n<\/div>\n<\/div>\n<\/div>\n","protected":false},"excerpt":{"rendered":"<p>Arcanes majeurs Les Batons LES COUPES LES \u00c9P\u00c9ES les pentacles Le Tarot est un outil symbolique compos\u00e9 de 78 cartes r\u00e9parties en 22 Arcanes Majeurs et 56 Arcanes Mineurs. Les Arcanes Majeurs repr\u00e9sentent les grandes \u00e9tapes de la vie et les le\u00e7ons profondes, tandis que les Arcanes Mineurs illustrent les situations du quotidien \u00e0 travers [&hellip;]<\/p>\n","protected":false},"author":1,"featured_media":0,"parent":0,"menu_order":0,"comment_status":"closed","ping_status":"closed","template":"","meta":{"footnotes":""},"class_list":["post-2529","page","type-page","status-publish","hentry"],"jetpack_sharing_enabled":true,"_links":{"self":[{"href":"https:\/\/lavoixdescartes.fr\/index.php\/wp-json\/wp\/v2\/pages\/2529","targetHints":{"allow":["GET"]}}],"collection":[{"href":"https:\/\/lavoixdescartes.fr\/index.php\/wp-json\/wp\/v2\/pages"}],"about":[{"href":"https:\/\/lavoixdescartes.fr\/index.php\/wp-json\/wp\/v2\/types\/page"}],"author":[{"embeddable":true,"href":"https:\/\/lavoixdescartes.fr\/index.php\/wp-json\/wp\/v2\/users\/1"}],"replies":[{"embeddable":true,"href":"https:\/\/lavoixdescartes.fr\/index.php\/wp-json\/wp\/v2\/comments?post=2529"}],"version-history":[{"count":4,"href":"https:\/\/lavoixdescartes.fr\/index.php\/wp-json\/wp\/v2\/pages\/2529\/revisions"}],"predecessor-version":[{"id":2550,"href":"https:\/\/lavoixdescartes.fr\/index.php\/wp-json\/wp\/v2\/pages\/2529\/revisions\/2550"}],"wp:attachment":[{"href":"https:\/\/lavoixdescartes.fr\/index.php\/wp-json\/wp\/v2\/media?parent=2529"}],"curies":[{"name":"wp","href":"https:\/\/api.w.org\/{rel}","templated":true}]}}